{"id":257,"date":"2025-04-10T09:37:36","date_gmt":"2025-04-10T09:37:36","guid":{"rendered":"https:\/\/devapp.r-biopharm.com\/?page_id=257"},"modified":"2025-04-23T07:58:46","modified_gmt":"2025-04-23T07:58:46","slug":"ridasmart-systemloesung","status":"publish","type":"page","link":"https:\/\/devapp.r-biopharm.com\/de\/","title":{"rendered":"RIDA\u00aeSMART Systeml\u00f6sung"},"content":{"rendered":"\n<div class=\"wp-block-group alignfull has-global-padding is-layout-constrained wp-block-group-is-layout-constrained has-background\" style=\"min-height:40vh;padding-top:var(--wp--preset--spacing--60);padding-bottom:var(--wp--preset--spacing--60);background-image:url(&apos;https:\/\/devapp.r-biopharm.com\/wp-content\/uploads\/2025-04_RIDA-SMART-UNIVERSE_MONTAGEN_BG-Labor-Showroom_RGB-scaled.jpg&apos;);background-position:50% 50%;background-size:cover;background-attachment:scroll;\">\n<div class=\"wp-block-group is-layout-flow wp-block-group-is-layout-flow\">\n<h1 class=\"wp-block-heading header_title_box is-style-default has-base-color has-accent-6-background-color has-text-color has-background has-link-color wp-elements-1ea76760a47f20a258beed3fa3406fb9\" style=\"padding-top:var(--wp--preset--spacing--30);padding-right:var(--wp--preset--spacing--30);padding-bottom:var(--wp--preset--spacing--30);padding-left:var(--wp--preset--spacing--40)\">RIDA\u00aeSMART Systeml\u00f6sung<\/h1>\n<\/div>\n<\/div>\n\n\n\n<div class=\"wp-block-group alignfull has-accent-2-background-color has-background has-global-padding is-layout-constrained wp-block-group-is-layout-constrained\" style=\"padding-top:var(--wp--preset--spacing--30);padding-bottom:var(--wp--preset--spacing--30)\">\n<p>Die intelligente Systeml\u00f6sung f\u00fcr die Quantifizierung und Dokumentation Ihrer Mykotoxin- und Allergene RIDA\u00aeQUICK LFD-Teststreifen.<\/p>\n<\/div>\n\n\n\n<div class=\"wp-block-group alignfull has-global-padding is-layout-constrained wp-block-group-is-layout-constrained\" style=\"padding-top:var(--wp--preset--spacing--30);padding-bottom:var(--wp--preset--spacing--30)\">\n<div class=\"wp-block-columns is-layout-flex wp-container-core-columns-is-layout-28f84493 wp-block-columns-is-layout-flex\">\n<div class=\"wp-block-column is-layout-flow wp-block-column-is-layout-flow\">\n<h2 class=\"wp-block-heading\">RIDA\u00aeSMART UNIVERSE<\/h2>\n\n\n\n<p>RIDA\u00aeSMART UNIVERSE ist unser cloudbasiertes Datenmanagementsystem, mit dem Sie jederzeit und von \u00fcberall auf Ihre eigenen Messergebnisse zugreifen k\u00f6nnen.<\/p>\n<\/div>\n\n\n\n<div class=\"wp-block-column is-layout-flow wp-block-column-is-layout-flow\">\n<figure class=\"wp-block-image size-full\"><img loading=\"lazy\" decoding=\"async\" width=\"1465\" height=\"774\" src=\"https:\/\/devapp.r-biopharm.com\/wp-content\/uploads\/2025-03_RIDA-SMART-UNIVERSE_Software.jpeg\" alt=\"\" class=\"wp-image-206\" srcset=\"https:\/\/devapp.r-biopharm.com\/wp-content\/uploads\/2025-03_RIDA-SMART-UNIVERSE_Software.jpeg 1465w, https:\/\/devapp.r-biopharm.com\/wp-content\/uploads\/2025-03_RIDA-SMART-UNIVERSE_Software-600x317.jpeg 600w, https:\/\/devapp.r-biopharm.com\/wp-content\/uploads\/2025-03_RIDA-SMART-UNIVERSE_Software-768x406.jpeg 768w\" sizes=\"auto, (max-width: 1465px) 100vw, 1465px\" \/><\/figure>\n<\/div>\n<\/div>\n<\/div>\n\n\n\n<div class=\"wp-block-group alignfull has-accent-2-background-color has-background has-global-padding is-layout-constrained wp-block-group-is-layout-constrained\" style=\"padding-top:var(--wp--preset--spacing--30);padding-bottom:var(--wp--preset--spacing--30)\">\n<h2 class=\"wp-block-heading\">Vorteile<\/h2>\n\n\n\n<div class=\"wp-block-columns is-layout-flex wp-container-core-columns-is-layout-28f84493 wp-block-columns-is-layout-flex\">\n<div class=\"wp-block-column is-layout-flow wp-block-column-is-layout-flow\" style=\"padding-right:var(--wp--preset--spacing--20);padding-left:var(--wp--preset--spacing--20)\">\n<figure class=\"wp-block-image aligncenter size-full is-resized\" style=\"margin-bottom:var(--wp--preset--spacing--40)\"><img loading=\"lazy\" decoding=\"async\" width=\"254\" height=\"254\" src=\"https:\/\/devapp.r-biopharm.com\/wp-content\/uploads\/Icon_direct-access.png\" alt=\"\" class=\"wp-image-209\" style=\"width:100px\"\/><\/figure>\n\n\n\n<h3 class=\"wp-block-heading\" style=\"margin-bottom:0\">Direkter Zugriff:<\/h3>\n\n\n\n<p style=\"margin-top:0;margin-bottom:0\">Greifen Sie jederzeit und \u00fcberall auf Ihre Daten zu.<\/p>\n<\/div>\n\n\n\n<div class=\"wp-block-column is-layout-flow wp-block-column-is-layout-flow\" style=\"padding-right:var(--wp--preset--spacing--20);padding-left:var(--wp--preset--spacing--20)\">\n<figure class=\"wp-block-image aligncenter size-full is-resized\" style=\"margin-bottom:var(--wp--preset--spacing--40)\"><img loading=\"lazy\" decoding=\"async\" width=\"254\" height=\"254\" src=\"https:\/\/devapp.r-biopharm.com\/wp-content\/uploads\/Icon_efficient.png\" alt=\"\" class=\"wp-image-211\" style=\"width:100px\"\/><\/figure>\n\n\n\n<h3 class=\"wp-block-heading\" style=\"margin-top:0;margin-bottom:0\">Effiziente Verwaltung:<\/h3>\n\n\n\n<p style=\"margin-top:0;margin-bottom:0\">Nutzen Sie Such-, Filter- und Exportfunktionen.<\/p>\n<\/div>\n\n\n\n<div class=\"wp-block-column is-layout-flow wp-block-column-is-layout-flow\" style=\"padding-right:var(--wp--preset--spacing--20);padding-left:var(--wp--preset--spacing--20)\">\n<figure class=\"wp-block-image aligncenter size-full is-resized\" style=\"margin-bottom:var(--wp--preset--spacing--40)\"><img loading=\"lazy\" decoding=\"async\" width=\"254\" height=\"254\" src=\"https:\/\/devapp.r-biopharm.com\/wp-content\/uploads\/Icon_ok.png\" alt=\"\" class=\"wp-image-213\" style=\"width:100px\"\/><\/figure>\n\n\n\n<h3 class=\"wp-block-heading\" style=\"margin-top:0;margin-bottom:0\">Optimierung des Arbeitsablaufs:<\/h3>\n\n\n\n<p style=\"margin-top:0;margin-bottom:0\">Sparen Sie Zeit mit Datenmanagement in Echtzeit.<\/p>\n<\/div>\n<\/div>\n<\/div>\n\n\n\n<div class=\"wp-block-group alignfull has-global-padding is-layout-constrained wp-block-group-is-layout-constrained\" style=\"padding-top:var(--wp--preset--spacing--30);padding-bottom:var(--wp--preset--spacing--30)\">\n<div class=\"wp-block-columns is-layout-flex wp-container-core-columns-is-layout-28f84493 wp-block-columns-is-layout-flex\">\n<div class=\"wp-block-column is-layout-flow wp-block-column-is-layout-flow\">\n<p>Erleben Sie die Zukunft der digitalen L\u00f6sungen heute und sehen Sie, wie RIDA\u00aeSMART Universe Ihren Workflow transformieren kann! RIDA\u00aeSMART Universe bringt unsere Systeml\u00f6sung auf den neuesten technologischen Stand und \u00f6ffnet die T\u00fcr zu einer intelligenten digitalen Welt.<\/p>\n\n\n\n<p><strong><a class=\"fancybox-inline\" href=\"#cfpopup\">Mehr Informationen zur RIDA\u00aeSMART Systeml\u00f6sung anfordern!<\/a><\/strong><\/p>\n\n\n\n<div class=\"wp-block-group has-global-padding is-layout-constrained wp-block-group-is-layout-constrained\">\n<p class=\"fancybox-hidden\" id=\"cfpopup\">Lorem ipsum dolor sit amet, consetetur sadipscing elitr, sed diam nonumy eirmod tempor invidunt ut labore et dolore magna aliquyam erat, sed diam voluptua. At vero eos et accusam et justo duo dolores et ea rebum. Stet clita kasd gubergren, no sea takimata sanctus est Lorem ipsum dolor sit amet. Lorem ipsum dolor sit amet, consetetur sadipscing elitr, sed diam nonumy eirmod tempor invidunt ut labore et dolore magna aliquyam erat, sed diam voluptua. At vero eos et accusam et justo duo dolores et ea rebum. Stet clita kasd gubergren, no sea takimata sanctus est Lorem ipsum dolor sit amet.<\/p>\n<\/div>\n<\/div>\n\n\n\n<div class=\"wp-block-column is-vertically-aligned-center is-layout-flow wp-block-column-is-layout-flow\">\n<figure class=\"wp-block-image aligncenter size-full\"><img loading=\"lazy\" decoding=\"async\" width=\"1397\" height=\"632\" src=\"https:\/\/devapp.r-biopharm.com\/wp-content\/uploads\/2025-03_RIDA-SMART-UNIVERSE_Mockups-Handy-Laptop_NEU.png\" alt=\"\" class=\"wp-image-296\" srcset=\"https:\/\/devapp.r-biopharm.com\/wp-content\/uploads\/2025-03_RIDA-SMART-UNIVERSE_Mockups-Handy-Laptop_NEU.png 1397w, https:\/\/devapp.r-biopharm.com\/wp-content\/uploads\/2025-03_RIDA-SMART-UNIVERSE_Mockups-Handy-Laptop_NEU-600x271.png 600w, https:\/\/devapp.r-biopharm.com\/wp-content\/uploads\/2025-03_RIDA-SMART-UNIVERSE_Mockups-Handy-Laptop_NEU-768x347.png 768w\" sizes=\"auto, (max-width: 1397px) 100vw, 1397px\" \/><\/figure>\n<\/div>\n<\/div>\n<\/div>\n","protected":false},"excerpt":{"rendered":"<p>RIDA\u00aeSMART Systeml\u00f6sung Die intelligente Systeml\u00f6sung f\u00fcr die Quantifizierung und Dokumentation Ihrer Mykotoxin- und Allergene RIDA\u00aeQUICK LFD-Teststreifen. RIDA\u00aeSMART UNIVERSE RIDA\u00aeSMART UNIVERSE ist unser cloudbasiertes Datenmanagementsystem, mit dem Sie jederzeit und von \u00fcberall auf Ihre eigenen Messergebnisse zugreifen k\u00f6nnen. Vorteile Direkter Zugriff: Greifen Sie jederzeit und \u00fcberall auf Ihre Daten zu. Effiziente Verwaltung: Nutzen Sie Such-, Filter- [&hellip;]<\/p>\n","protected":false},"author":1,"featured_media":0,"parent":0,"menu_order":0,"comment_status":"closed","ping_status":"closed","template":"page-no-title","meta":{"_acf_changed":false,"footnotes":""},"class_list":["post-257","page","type-page","status-publish","hentry"],"acf":[],"_links":{"self":[{"href":"https:\/\/devapp.r-biopharm.com\/de\/wp-json\/wp\/v2\/pages\/257","targetHints":{"allow":["GET"]}}],"collection":[{"href":"https:\/\/devapp.r-biopharm.com\/de\/wp-json\/wp\/v2\/pages"}],"about":[{"href":"https:\/\/devapp.r-biopharm.com\/de\/wp-json\/wp\/v2\/types\/page"}],"author":[{"embeddable":true,"href":"https:\/\/devapp.r-biopharm.com\/de\/wp-json\/wp\/v2\/users\/1"}],"replies":[{"embeddable":true,"href":"https:\/\/devapp.r-biopharm.com\/de\/wp-json\/wp\/v2\/comments?post=257"}],"version-history":[{"count":4,"href":"https:\/\/devapp.r-biopharm.com\/de\/wp-json\/wp\/v2\/pages\/257\/revisions"}],"predecessor-version":[{"id":304,"href":"https:\/\/devapp.r-biopharm.com\/de\/wp-json\/wp\/v2\/pages\/257\/revisions\/304"}],"wp:attachment":[{"href":"https:\/\/devapp.r-biopharm.com\/de\/wp-json\/wp\/v2\/media?parent=257"}],"curies":[{"name":"wp","href":"https:\/\/api.w.org\/{rel}","templated":true}]}}